{"id":796,"date":"2015-04-20T13:05:05","date_gmt":"2015-04-20T11:05:05","guid":{"rendered":"http:\/\/www.mainslibres.asso.fr\/wordpress\/?page_id=796"},"modified":"2015-04-20T17:27:28","modified_gmt":"2015-04-20T15:27:28","slug":"collecte-alimentaire-au-franprix-rue-montorgueil-16-juin-2012","status":"publish","type":"page","link":"https:\/\/www.mainslibres.asso.fr\/wordpress\/collecte-alimentaire-au-franprix-rue-montorgueil-16-juin-2012\/","title":{"rendered":"Collecte alimentaire au Franprix rue Montorgueil 16 juin 2012"},"content":{"rendered":"<p>La collecte alimentaire au Franprix du bas de la Rue Montorgueil<br \/>\ns'est tr\u00e8s bien d\u00e9roul\u00e9e avec la participation de :<br \/>\n10h30 14h00 - V\u00e9ronique E. - Bernard S.<br \/>\n14h00 18h00 - Renaud B. - Isabelle C. - Aziz<br \/>\nToute la journ\u00e9e - Cl\u00e9ment S. - Lorenzo - Bernard D. - Daniel B.<br \/>\nMerci aux personnes qui ont particip\u00e9 avec leur bonne humeur<\/p>\n<p><img loading=\"lazy\" decoding=\"async\" class=\"alignnone size-medium wp-image-799\" src=\"https:\/\/www.mainslibres.asso.fr\/wordpress\/wp-content\/uploads\/2015\/04\/collecte-Franprix-juin-2012-300x200.jpg\" alt=\"collecte-Franprix-juin-2012\" width=\"300\" height=\"200\" srcset=\"https:\/\/www.mainslibres.asso.fr\/wordpress\/wp-content\/uploads\/2015\/04\/collecte-Franprix-juin-2012-300x200.jpg 300w, https:\/\/www.mainslibres.asso.fr\/wordpress\/wp-content\/uploads\/2015\/04\/collecte-Franprix-juin-2012-1024x684.jpg 1024w, https:\/\/www.mainslibres.asso.fr\/wordpress\/wp-content\/uploads\/2015\/04\/collecte-Franprix-juin-2012.jpg 1280w\" sizes=\"auto, (max-width: 300px) 100vw, 300px\" \/><br \/>\nLorenzo, Jean, Aziz, Isabelle, Renaud, Daniel et Cl\u00e9ment<\/p>\n<p>Voici la liste des produits collect\u00e9s :<br \/>\nCAFE 16Kg<br \/>\n<span style=\"line-height: 1.5;\">CAFE SOLUBLE 6,5Kg<br \/>\n<\/span><span style=\"line-height: 1.5;\">LAIT 3,6Kg + 1L<br \/>\n<\/span><span style=\"line-height: 1.5;\">THE 765 sachets<br \/>\n<\/span><span style=\"line-height: 1.5;\">SUCRE MORCEAUX 34Kg<br \/>\n<\/span><span style=\"line-height: 1.5;\">CHOCOLAT POUDRE 0,9Kg<br \/>\n<\/span><span style=\"line-height: 1.5;\">GATEAUX DIVERS 128 Pts<br \/>\n<\/span><span style=\"line-height: 1.5;\">SOPALIN 20 rouleaux<br \/>\n<\/span><span style=\"line-height: 1.5;\">GOBELETS 350 +72 tasses<br \/>\n<\/span><span style=\"line-height: 1.5;\">CHOCOLAT TABLETTES 6<br \/>\n<\/span><span style=\"line-height: 1.5;\">CONFITURES 19 pots<\/span><\/p>\n","protected":false},"excerpt":{"rendered":"<p>La collecte alimentaire au Franprix du bas de la Rue Montorgueil s'est tr\u00e8s bien d\u00e9roul\u00e9e avec la participation de : 10h30 14h00 - V\u00e9ronique E. - Bernard S. 14h00 18h00 - Renaud B. - Isabelle C. - Aziz Toute la journ\u00e9e - Cl\u00e9ment S. - Lorenzo - Bernard D. - Daniel B. Merci aux personnes &hellip; <a href=\"https:\/\/www.mainslibres.asso.fr\/wordpress\/collecte-alimentaire-au-franprix-rue-montorgueil-16-juin-2012\/\" class=\"more-link\">Continuer la lecture de <span class=\"screen-reader-text\">Collecte alimentaire au Franprix rue Montorgueil 16 juin 2012<\/span>  <span class=\"meta-nav\">&rarr;<\/span><\/a><\/p>\n","protected":false},"author":4,"featured_media":0,"parent":0,"menu_order":0,"comment_status":"closed","ping_status":"closed","template":"","meta":{"_monsterinsights_skip_tracking":false,"_monsterinsights_sitenote_active":false,"_monsterinsights_sitenote_note":"","_monsterinsights_sitenote_category":0,"footnotes":""},"class_list":["post-796","page","type-page","status-publish","hentry"],"_links":{"self":[{"href":"https:\/\/www.mainslibres.asso.fr\/wordpress\/wp-json\/wp\/v2\/pages\/796","targetHints":{"allow":["GET"]}}],"collection":[{"href":"https:\/\/www.mainslibres.asso.fr\/wordpress\/wp-json\/wp\/v2\/pages"}],"about":[{"href":"https:\/\/www.mainslibres.asso.fr\/wordpress\/wp-json\/wp\/v2\/types\/page"}],"author":[{"embeddable":true,"href":"https:\/\/www.mainslibres.asso.fr\/wordpress\/wp-json\/wp\/v2\/users\/4"}],"replies":[{"embeddable":true,"href":"https:\/\/www.mainslibres.asso.fr\/wordpress\/wp-json\/wp\/v2\/comments?post=796"}],"version-history":[{"count":5,"href":"https:\/\/www.mainslibres.asso.fr\/wordpress\/wp-json\/wp\/v2\/pages\/796\/revisions"}],"predecessor-version":[{"id":825,"href":"https:\/\/www.mainslibres.asso.fr\/wordpress\/wp-json\/wp\/v2\/pages\/796\/revisions\/825"}],"wp:attachment":[{"href":"https:\/\/www.mainslibres.asso.fr\/wordpress\/wp-json\/wp\/v2\/media?parent=796"}],"curies":[{"name":"wp","href":"https:\/\/api.w.org\/{rel}","templated":true}]}}