{"id":773,"date":"2015-04-20T11:40:58","date_gmt":"2015-04-20T09:40:58","guid":{"rendered":"http:\/\/www.mainslibres.asso.fr\/wordpress\/?page_id=773"},"modified":"2015-05-02T17:43:16","modified_gmt":"2015-05-02T15:43:16","slug":"12e-festival-de-la-rue-les-8-et-9-juin-2012","status":"publish","type":"page","link":"https:\/\/www.mainslibres.asso.fr\/wordpress\/12e-festival-de-la-rue-les-8-et-9-juin-2012\/","title":{"rendered":"Festival de la rue les 8 et 9 juin 2012"},"content":{"rendered":"<p style=\"text-align: left;\"><img loading=\"lazy\" decoding=\"async\" class=\"alignnone size-full wp-image-774\" src=\"https:\/\/www.mainslibres.asso.fr\/wordpress\/wp-content\/uploads\/2015\/04\/Festival01.jpg\" alt=\"Festival01\" width=\"250\" height=\"188\" \/><\/p>\n<p style=\"text-align: left;\">Le Festival de la Rue, est une manifestation destin\u00e9e \u00e0 sensibiliser le grand public sur les richesses\u00a0qui se cachent en chacune de ces personnes fragilis\u00e9es, parfois rejet\u00e9es, souvent non comprises par\u00a0<span style=\"line-height: 1.5;\">une soci\u00e9t\u00e9 peu \u00e0 l\u2019aise avec cette diff\u00e9rence.<br \/>\n<\/span><span style=\"line-height: 1.5;\">Le Festival de la Rue, c\u2019est un \u00e9v\u00e9nement culturel, solidaire et artistique qui a pour vocation de\u00a0<\/span><span style=\"line-height: 1.5;\">redonner visage, corps et place aux personnes exclues de la soci\u00e9t\u00e9, en leur offrant 600 m2 pour\u00a0<\/span><span style=\"line-height: 1.5;\">exposer leurs \u0153uvres et se produire sur sc\u00e8ne.<br \/>\n<\/span><span style=\"line-height: 1.5;\">Bref, le Festival de la Rue, ce sont les personnes d\u00eetes \u00ab exclues \u00bb qui vous invitent pendant trois jours\u00a0<\/span><span style=\"line-height: 1.5;\">\u00e0 d\u00e9couvrir leurs talents !\u00a0<\/span><span style=\"line-height: 1.5;\">Peinture, th\u00e9\u00e2tre, musique, BD, photos sont au rendez-vous pour trois jours de f\u00eate,\u00a0<\/span><span style=\"line-height: 1.5;\">de rencontres et d\u2019\u00e9changes dans une grande convivialit\u00e9.<\/span><\/p>\n<p><img loading=\"lazy\" decoding=\"async\" class=\"alignnone size-full wp-image-792\" src=\"https:\/\/www.mainslibres.asso.fr\/wordpress\/wp-content\/uploads\/2015\/04\/Festival021.jpg\" alt=\"Festival02\" width=\"1280\" height=\"855\" srcset=\"https:\/\/www.mainslibres.asso.fr\/wordpress\/wp-content\/uploads\/2015\/04\/Festival021.jpg 1280w, https:\/\/www.mainslibres.asso.fr\/wordpress\/wp-content\/uploads\/2015\/04\/Festival021-300x200.jpg 300w, https:\/\/www.mainslibres.asso.fr\/wordpress\/wp-content\/uploads\/2015\/04\/Festival021-1024x684.jpg 1024w\" sizes=\"auto, (max-width: 1280px) 100vw, 1280px\" \/><\/p>\n<p>Un grand bravo aux personnes de Mains Libres qui ont particip\u00e9 \u00e0 cette op\u00e9ration en y tenant la buvette\u00a0du Festival de la rue. Pascal L, Murielle L, Eric T, Jos\u00e9 A, Elisa, Cl\u00e9ment S, Darius\u00a0Elisabeth B, Philippe D, Bernard D, Shopon, Aziz et Ren\u00e9 B.<\/p>\n<p>Notre recette est de 694,95<br \/>\n694,95 + 224 = 918,95<br \/>\n918,95 : 2 = 459,48<br \/>\nOn rendrait donc aux Captifs 694,95 - 459,48 = 235,47 \u20ac<\/p>\n<p><img loading=\"lazy\" decoding=\"async\" class=\"alignnone size-full wp-image-776\" src=\"https:\/\/www.mainslibres.asso.fr\/wordpress\/wp-content\/uploads\/2015\/04\/Festival03.jpg\" alt=\"Festival03\" width=\"1280\" height=\"855\" srcset=\"https:\/\/www.mainslibres.asso.fr\/wordpress\/wp-content\/uploads\/2015\/04\/Festival03.jpg 1280w, https:\/\/www.mainslibres.asso.fr\/wordpress\/wp-content\/uploads\/2015\/04\/Festival03-300x200.jpg 300w, https:\/\/www.mainslibres.asso.fr\/wordpress\/wp-content\/uploads\/2015\/04\/Festival03-1024x684.jpg 1024w\" sizes=\"auto, (max-width: 1280px) 100vw, 1280px\" \/><\/p>\n<p>Le festival de la rue a \u00e9t\u00e9 aussi l'occasion de d\u00e9couvrir l'incroyable talent de Salvador,\u00a0qui tenait un stand l\u00e0-bas pour exposer ses dessins.<\/p>\n","protected":false},"excerpt":{"rendered":"<p>Le Festival de la Rue, est une manifestation destin\u00e9e \u00e0 sensibiliser le grand public sur les richesses\u00a0qui se cachent en chacune de ces personnes fragilis\u00e9es, parfois rejet\u00e9es, souvent non comprises par\u00a0une soci\u00e9t\u00e9 peu \u00e0 l\u2019aise avec cette diff\u00e9rence. Le Festival de la Rue, c\u2019est un \u00e9v\u00e9nement culturel, solidaire et artistique qui a pour vocation de\u00a0redonner &hellip; <a href=\"https:\/\/www.mainslibres.asso.fr\/wordpress\/12e-festival-de-la-rue-les-8-et-9-juin-2012\/\" class=\"more-link\">Continuer la lecture de <span class=\"screen-reader-text\">Festival de la rue les 8 et 9 juin 2012<\/span>  <span class=\"meta-nav\">&rarr;<\/span><\/a><\/p>\n","protected":false},"author":4,"featured_media":0,"parent":0,"menu_order":0,"comment_status":"closed","ping_status":"closed","template":"","meta":{"_monsterinsights_skip_tracking":false,"_monsterinsights_sitenote_active":false,"_monsterinsights_sitenote_note":"","_monsterinsights_sitenote_category":0,"footnotes":""},"class_list":["post-773","page","type-page","status-publish","hentry"],"_links":{"self":[{"href":"https:\/\/www.mainslibres.asso.fr\/wordpress\/wp-json\/wp\/v2\/pages\/773","targetHints":{"allow":["GET"]}}],"collection":[{"href":"https:\/\/www.mainslibres.asso.fr\/wordpress\/wp-json\/wp\/v2\/pages"}],"about":[{"href":"https:\/\/www.mainslibres.asso.fr\/wordpress\/wp-json\/wp\/v2\/types\/page"}],"author":[{"embeddable":true,"href":"https:\/\/www.mainslibres.asso.fr\/wordpress\/wp-json\/wp\/v2\/users\/4"}],"replies":[{"embeddable":true,"href":"https:\/\/www.mainslibres.asso.fr\/wordpress\/wp-json\/wp\/v2\/comments?post=773"}],"version-history":[{"count":19,"href":"https:\/\/www.mainslibres.asso.fr\/wordpress\/wp-json\/wp\/v2\/pages\/773\/revisions"}],"predecessor-version":[{"id":1508,"href":"https:\/\/www.mainslibres.asso.fr\/wordpress\/wp-json\/wp\/v2\/pages\/773\/revisions\/1508"}],"wp:attachment":[{"href":"https:\/\/www.mainslibres.asso.fr\/wordpress\/wp-json\/wp\/v2\/media?parent=773"}],"curies":[{"name":"wp","href":"https:\/\/api.w.org\/{rel}","templated":true}]}}