{"id":539,"date":"2015-04-16T17:48:16","date_gmt":"2015-04-16T15:48:16","guid":{"rendered":"http:\/\/www.mainslibres.asso.fr\/wordpress\/?page_id=539"},"modified":"2018-08-27T09:52:26","modified_gmt":"2018-08-27T07:52:26","slug":"galeries-2","status":"publish","type":"page","link":"https:\/\/www.mainslibres.asso.fr\/wordpress\/galeries-2\/","title":{"rendered":"Photos"},"content":{"rendered":"<p><a title=\"\u00e9v\u00e8nements\" href=\"https:\/\/www.mainslibres.asso.fr\/wordpress\/evenements\/\">Ev\u00e8nements<\/a><br \/>\n<a title=\"bagagerie\" href=\"https:\/\/www.mainslibres.asso.fr\/wordpress\/bagagerie\/\">Les locaux successifs de la bagagerie Mains Libres<br \/>\n<\/a><a href=\"https:\/\/www.mainslibres.asso.fr\/wordpress\/convivialite\/\">Les premi\u00e8res \u00e9quipes de b\u00e9n\u00e9voles (2008)<\/a><\/p>\n","protected":false},"excerpt":{"rendered":"<p>Ev\u00e8nements Les locaux successifs de la bagagerie Mains Libres Les premi\u00e8res \u00e9quipes de b\u00e9n\u00e9voles (2008)<\/p>\n","protected":false},"author":4,"featured_media":0,"parent":0,"menu_order":0,"comment_status":"closed","ping_status":"closed","template":"","meta":{"_monsterinsights_skip_tracking":false,"_monsterinsights_sitenote_active":false,"_monsterinsights_sitenote_note":"","_monsterinsights_sitenote_category":0,"footnotes":""},"class_list":["post-539","page","type-page","status-publish","hentry"],"_links":{"self":[{"href":"https:\/\/www.mainslibres.asso.fr\/wordpress\/wp-json\/wp\/v2\/pages\/539","targetHints":{"allow":["GET"]}}],"collection":[{"href":"https:\/\/www.mainslibres.asso.fr\/wordpress\/wp-json\/wp\/v2\/pages"}],"about":[{"href":"https:\/\/www.mainslibres.asso.fr\/wordpress\/wp-json\/wp\/v2\/types\/page"}],"author":[{"embeddable":true,"href":"https:\/\/www.mainslibres.asso.fr\/wordpress\/wp-json\/wp\/v2\/users\/4"}],"replies":[{"embeddable":true,"href":"https:\/\/www.mainslibres.asso.fr\/wordpress\/wp-json\/wp\/v2\/comments?post=539"}],"version-history":[{"count":34,"href":"https:\/\/www.mainslibres.asso.fr\/wordpress\/wp-json\/wp\/v2\/pages\/539\/revisions"}],"predecessor-version":[{"id":2319,"href":"https:\/\/www.mainslibres.asso.fr\/wordpress\/wp-json\/wp\/v2\/pages\/539\/revisions\/2319"}],"wp:attachment":[{"href":"https:\/\/www.mainslibres.asso.fr\/wordpress\/wp-json\/wp\/v2\/media?parent=539"}],"curies":[{"name":"wp","href":"https:\/\/api.w.org\/{rel}","templated":true}]}}