{"id":301,"date":"2015-03-31T23:23:53","date_gmt":"2015-03-31T21:23:53","guid":{"rendered":"http:\/\/www.mainslibres.asso.fr\/wordpress\/?page_id=301"},"modified":"2024-02-16T08:46:25","modified_gmt":"2024-02-16T07:46:25","slug":"partenaires","status":"publish","type":"page","link":"https:\/\/www.mainslibres.asso.fr\/wordpress\/partenaires\/","title":{"rendered":"Partenaires"},"content":{"rendered":"<h1>Liste des institutions qui nous ont soutenus financi\u00e8rement<\/h1>\n<p><a href=\"http:\/\/www.accomplir.asso.fr\/accomplir\/\" target=\"_blank\" rel=\"noopener\">Association ACCOMPLIR<\/a>\u00a0<a href=\"http:\/\/www.accomplir.asso.fr\/accomplir\/\" target=\"_blank\" rel=\"noopener\"><img loading=\"lazy\" decoding=\"async\" class=\"alignnone size-medium wp-image-2293\" src=\"https:\/\/www.mainslibres.asso.fr\/wordpress\/wp-content\/uploads\/2018\/07\/logo-accomplir-300x87.png\" alt=\"\" width=\"300\" height=\"87\" srcset=\"https:\/\/www.mainslibres.asso.fr\/wordpress\/wp-content\/uploads\/2018\/07\/logo-accomplir-300x87.png 300w, https:\/\/www.mainslibres.asso.fr\/wordpress\/wp-content\/uploads\/2018\/07\/logo-accomplir.png 716w\" sizes=\"auto, (max-width: 300px) 100vw, 300px\" \/><\/a><\/p>\n<p>Association Porticus France<\/p>\n<p>Collectif de commer\u00e7ants Beaubourg Les Halles<\/p>\n<p>Conseil de Quartier des Halles<\/p>\n<p>DASES\u00a0<img loading=\"lazy\" decoding=\"async\" class=\"alignnone size-medium wp-image-2295\" src=\"https:\/\/www.mainslibres.asso.fr\/wordpress\/wp-content\/uploads\/2018\/07\/logo-DASES-300x153.jpg\" alt=\"\" width=\"300\" height=\"153\" \/><\/p>\n<p><a href=\"http:\/\/fondation.creditmutuel.com\/fr\/index.html\" target=\"_blank\" rel=\"noopener\"><img loading=\"lazy\" decoding=\"async\" class=\"alignnone wp-image-2042 size-medium\" src=\"https:\/\/www.mainslibres.asso.fr\/wordpress\/wp-content\/uploads\/2016\/03\/logo-300x89.gif\" alt=\"Logo de la FCM\" width=\"300\" height=\"89\" \/><\/a><\/p>\n<p><a href=\"http:\/\/agirsavie.free.fr\/accueil.shtml\" target=\"_blank\" rel=\"noopener\"><img loading=\"lazy\" decoding=\"async\" class=\"alignnone size-full wp-image-2046\" src=\"https:\/\/www.mainslibres.asso.fr\/wordpress\/wp-content\/uploads\/2016\/03\/AgirSaVie.gif\" alt=\"Logo de la Foncation Agir sa Vie\" width=\"115\" height=\"122\" \/><\/a><\/p>\n<p><a href=\"http:\/\/www.fces.fr\/\" target=\"_blank\" rel=\"noopener\"><img loading=\"lazy\" decoding=\"async\" class=\"alignnone size-full wp-image-2047\" src=\"https:\/\/www.mainslibres.asso.fr\/wordpress\/wp-content\/uploads\/2016\/03\/331.gif\" alt=\"331\" width=\"226\" height=\"59\" \/><\/a><\/p>\n<p><a href=\"http:\/\/www.fondationcaritasfrance.org\/\" target=\"_blank\" rel=\"noopener\"><img loading=\"lazy\" decoding=\"async\" class=\"alignnone wp-image-2045\" src=\"https:\/\/www.mainslibres.asso.fr\/wordpress\/wp-content\/uploads\/2016\/03\/fondation-caritas.png\" alt=\"Logo de la fondation Caritas\" width=\"129\" height=\"133\" \/><\/a><\/p>\n<p><a href=\"http:\/\/www.fondationdefrance.org\/#\" target=\"_blank\" rel=\"noopener\"><img loading=\"lazy\" decoding=\"async\" class=\"alignnone wp-image-2044\" src=\"https:\/\/www.mainslibres.asso.fr\/wordpress\/wp-content\/uploads\/2016\/03\/Fondation-de-France.png\" alt=\"Logo de la Fondation de France\" width=\"113\" height=\"113\" srcset=\"https:\/\/www.mainslibres.asso.fr\/wordpress\/wp-content\/uploads\/2016\/03\/Fondation-de-France.png 225w, https:\/\/www.mainslibres.asso.fr\/wordpress\/wp-content\/uploads\/2016\/03\/Fondation-de-France-150x150.png 150w\" sizes=\"auto, (max-width: 113px) 100vw, 113px\" \/><\/a><\/p>\n<p><a href=\"http:\/\/www.fondationorange.com\/\" target=\"_blank\" rel=\"noopener\"><img loading=\"lazy\" decoding=\"async\" class=\"alignnone wp-image-2040\" src=\"https:\/\/www.mainslibres.asso.fr\/wordpress\/wp-content\/uploads\/2016\/03\/logo-fondation-orange-2015-fr.png\" alt=\"logo fondation orange\" width=\"235\" height=\"65\" \/><\/a><\/p>\n<p><a href=\"http:\/\/fondation.total.com\/fr\" target=\"_blank\" rel=\"noopener\"><img loading=\"lazy\" decoding=\"async\" class=\"alignnone wp-image-2037\" src=\"https:\/\/www.mainslibres.asso.fr\/wordpress\/wp-content\/uploads\/2016\/03\/total_fondentr_s_fr_bleu2755_0-300x82.png\" alt=\"Fondation d'entreprise Total\" width=\"227\" height=\"62\" srcset=\"https:\/\/www.mainslibres.asso.fr\/wordpress\/wp-content\/uploads\/2016\/03\/total_fondentr_s_fr_bleu2755_0-300x82.png 300w, https:\/\/www.mainslibres.asso.fr\/wordpress\/wp-content\/uploads\/2016\/03\/total_fondentr_s_fr_bleu2755_0.png 306w\" sizes=\"auto, (max-width: 227px) 100vw, 227px\" \/><\/a><\/p>\n<p><a href=\"http:\/\/www.soupesainteustache.fr\" target=\"_blank\" rel=\"noopener\"><img loading=\"lazy\" decoding=\"async\" class=\"alignnone wp-image-2043\" src=\"https:\/\/www.mainslibres.asso.fr\/wordpress\/wp-content\/uploads\/2016\/03\/LASOUPELOGOHOMEPAGE150.png\" alt=\"Logo de la Soupe Saint Eustache\" width=\"133\" height=\"133\" \/><\/a><\/p>\n<p><a href=\"http:\/\/www.lionsclubs.org\/EN\/index.php\" target=\"_blank\" rel=\"noopener\"><img loading=\"lazy\" decoding=\"async\" class=\"alignnone size-medium wp-image-2039\" src=\"https:\/\/www.mainslibres.asso.fr\/wordpress\/wp-content\/uploads\/2016\/03\/logo_lions-300x51.jpg\" alt=\"Lions Club International\" width=\"300\" height=\"51\" srcset=\"https:\/\/www.mainslibres.asso.fr\/wordpress\/wp-content\/uploads\/2016\/03\/logo_lions-300x51.jpg 300w, https:\/\/www.mainslibres.asso.fr\/wordpress\/wp-content\/uploads\/2016\/03\/logo_lions.jpg 365w\" sizes=\"auto, (max-width: 300px) 100vw, 300px\" \/><\/a><\/p>\n<p><img loading=\"lazy\" decoding=\"async\" class=\"alignnone size-medium wp-image-2299\" src=\"https:\/\/www.mainslibres.asso.fr\/wordpress\/wp-content\/uploads\/2018\/07\/Logo_Mairie_de_Paris-300x60.png\" alt=\"\" width=\"300\" height=\"60\" srcset=\"https:\/\/www.mainslibres.asso.fr\/wordpress\/wp-content\/uploads\/2018\/07\/Logo_Mairie_de_Paris-300x60.png 300w, https:\/\/www.mainslibres.asso.fr\/wordpress\/wp-content\/uploads\/2018\/07\/Logo_Mairie_de_Paris-672x136.png 672w, https:\/\/www.mainslibres.asso.fr\/wordpress\/wp-content\/uploads\/2018\/07\/Logo_Mairie_de_Paris.png 675w\" sizes=\"auto, (max-width: 300px) 100vw, 300px\" \/><\/p>\n<p><img loading=\"lazy\" decoding=\"async\" class=\"alignnone size-medium wp-image-2300\" src=\"https:\/\/www.mainslibres.asso.fr\/wordpress\/wp-content\/uploads\/2018\/07\/logo-mairie1er-1-300x193.png\" alt=\"\" width=\"300\" height=\"193\" srcset=\"https:\/\/www.mainslibres.asso.fr\/wordpress\/wp-content\/uploads\/2018\/07\/logo-mairie1er-1-300x193.png 300w, https:\/\/www.mainslibres.asso.fr\/wordpress\/wp-content\/uploads\/2018\/07\/logo-mairie1er-1.png 436w\" sizes=\"auto, (max-width: 300px) 100vw, 300px\" \/><\/p>\n<p><a href=\"http:\/\/www.phitrust.com\/\" target=\"_blank\" rel=\"noopener\"><img loading=\"lazy\" decoding=\"async\" class=\"alignnone size-medium wp-image-2296\" src=\"https:\/\/www.mainslibres.asso.fr\/wordpress\/wp-content\/uploads\/2018\/07\/logo_Phitrust-300x35.png\" alt=\"\" width=\"300\" height=\"35\" srcset=\"https:\/\/www.mainslibres.asso.fr\/wordpress\/wp-content\/uploads\/2018\/07\/logo_Phitrust-300x35.png 300w, https:\/\/www.mainslibres.asso.fr\/wordpress\/wp-content\/uploads\/2018\/07\/logo_Phitrust-768x89.png 768w, https:\/\/www.mainslibres.asso.fr\/wordpress\/wp-content\/uploads\/2018\/07\/logo_Phitrust.png 898w\" sizes=\"auto, (max-width: 300px) 100vw, 300px\" \/><\/a><\/p>\n<p><a href=\"http:\/\/www.regiedequartier-pariscentre.org\/\" target=\"_blank\" rel=\"noopener\">R\u00e9gie de Quartier Paris Centre<\/a>\u00a0<img loading=\"lazy\" decoding=\"async\" class=\"alignnone wp-image-2301\" src=\"https:\/\/www.mainslibres.asso.fr\/wordpress\/wp-content\/uploads\/2018\/07\/logo_regie_quartier-300x300.png\" alt=\"\" width=\"164\" height=\"164\" srcset=\"https:\/\/www.mainslibres.asso.fr\/wordpress\/wp-content\/uploads\/2018\/07\/logo_regie_quartier-300x300.png 300w, https:\/\/www.mainslibres.asso.fr\/wordpress\/wp-content\/uploads\/2018\/07\/logo_regie_quartier-150x150.png 150w, https:\/\/www.mainslibres.asso.fr\/wordpress\/wp-content\/uploads\/2018\/07\/logo_regie_quartier.png 315w\" sizes=\"auto, (max-width: 164px) 100vw, 164px\" \/><\/p>\n<p>Samaritaine\u00a0<img loading=\"lazy\" decoding=\"async\" class=\"alignnone wp-image-2302\" src=\"https:\/\/www.mainslibres.asso.fr\/wordpress\/wp-content\/uploads\/2018\/07\/logo-lvmh-samaritaine.jpg\" alt=\"\" width=\"175\" height=\"133\" \/><\/p>\n<p><a href=\"http:\/\/www.senat.fr\/\" target=\"_blank\" rel=\"noopener\"><img loading=\"lazy\" decoding=\"async\" class=\"alignnone size-full wp-image-2297\" src=\"https:\/\/www.mainslibres.asso.fr\/wordpress\/wp-content\/uploads\/2018\/07\/logo-S\u00e9nat.jpg\" alt=\"\" width=\"180\" height=\"180\" srcset=\"https:\/\/www.mainslibres.asso.fr\/wordpress\/wp-content\/uploads\/2018\/07\/logo-S\u00e9nat.jpg 180w, https:\/\/www.mainslibres.asso.fr\/wordpress\/wp-content\/uploads\/2018\/07\/logo-S\u00e9nat-150x150.jpg 150w\" sizes=\"auto, (max-width: 180px) 100vw, 180px\" \/><\/a><\/p>\n<p><a href=\"http:\/\/www.urban-event.fr\/vv\" target=\"_blank\" rel=\"noopener\"><img loading=\"lazy\" decoding=\"async\" class=\"alignnone size-full wp-image-2035\" src=\"https:\/\/www.mainslibres.asso.fr\/wordpress\/wp-content\/uploads\/2016\/03\/urbanchallenge.jpg\" alt=\"urban challenge\" width=\"160\" height=\"160\" srcset=\"https:\/\/www.mainslibres.asso.fr\/wordpress\/wp-content\/uploads\/2016\/03\/urbanchallenge.jpg 160w, https:\/\/www.mainslibres.asso.fr\/wordpress\/wp-content\/uploads\/2016\/03\/urbanchallenge-150x150.jpg 150w\" sizes=\"auto, (max-width: 160px) 100vw, 160px\" \/><\/a><\/p>\n<p><strong>Si vous souhaitez vous aussi nous apporter un soutien financier, vous pouvez adresser un ch\u00e8que au nom de Mains Libres et l'envoyer \u00e0 Association Mains Libres, 15 rue Jean Lantier 75001 Paris, ou nous faire un virement \u00e0 cet IBAN : FR76 1027 8060 3100 0201 9410 121 BIC : CMCIFR2A.<\/strong><\/p>\n<p><strong>Merci !<\/strong><\/p>\n","protected":false},"excerpt":{"rendered":"<p>Liste des institutions qui nous ont soutenus financi\u00e8rement Association ACCOMPLIR\u00a0 Association Porticus France Collectif de commer\u00e7ants Beaubourg Les Halles Conseil de Quartier des Halles DASES\u00a0 R\u00e9gie de Quartier Paris Centre\u00a0 Samaritaine\u00a0 Si vous souhaitez vous aussi nous apporter un soutien financier, vous pouvez adresser un ch\u00e8que au nom de Mains Libres et l'envoyer \u00e0 Association &hellip; <a href=\"https:\/\/www.mainslibres.asso.fr\/wordpress\/partenaires\/\" class=\"more-link\">Continuer la lecture de <span class=\"screen-reader-text\">Partenaires<\/span>  <span class=\"meta-nav\">&rarr;<\/span><\/a><\/p>\n","protected":false},"author":4,"featured_media":0,"parent":0,"menu_order":0,"comment_status":"closed","ping_status":"closed","template":"","meta":{"_monsterinsights_skip_tracking":false,"_monsterinsights_sitenote_active":false,"_monsterinsights_sitenote_note":"","_monsterinsights_sitenote_category":0,"footnotes":""},"class_list":["post-301","page","type-page","status-publish","hentry"],"_links":{"self":[{"href":"https:\/\/www.mainslibres.asso.fr\/wordpress\/wp-json\/wp\/v2\/pages\/301","targetHints":{"allow":["GET"]}}],"collection":[{"href":"https:\/\/www.mainslibres.asso.fr\/wordpress\/wp-json\/wp\/v2\/pages"}],"about":[{"href":"https:\/\/www.mainslibres.asso.fr\/wordpress\/wp-json\/wp\/v2\/types\/page"}],"author":[{"embeddable":true,"href":"https:\/\/www.mainslibres.asso.fr\/wordpress\/wp-json\/wp\/v2\/users\/4"}],"replies":[{"embeddable":true,"href":"https:\/\/www.mainslibres.asso.fr\/wordpress\/wp-json\/wp\/v2\/comments?post=301"}],"version-history":[{"count":45,"href":"https:\/\/www.mainslibres.asso.fr\/wordpress\/wp-json\/wp\/v2\/pages\/301\/revisions"}],"predecessor-version":[{"id":2503,"href":"https:\/\/www.mainslibres.asso.fr\/wordpress\/wp-json\/wp\/v2\/pages\/301\/revisions\/2503"}],"wp:attachment":[{"href":"https:\/\/www.mainslibres.asso.fr\/wordpress\/wp-json\/wp\/v2\/media?parent=301"}],"curies":[{"name":"wp","href":"https:\/\/api.w.org\/{rel}","templated":true}]}}