{"id":198,"date":"2015-03-30T16:31:14","date_gmt":"2015-03-30T15:31:14","guid":{"rendered":"http:\/\/www.mainslibres.asso.fr\/wordpress\/?page_id=198"},"modified":"2015-04-17T16:47:12","modified_gmt":"2015-04-17T14:47:12","slug":"se-laver-dans-le-quartier","status":"publish","type":"page","link":"https:\/\/www.mainslibres.asso.fr\/wordpress\/se-laver-dans-le-quartier\/","title":{"rendered":"Se laver dans le quartier"},"content":{"rendered":"<p>Faire sa toilette r\u00e9guli\u00e8rement est primordial, pour conserver le respect de soi et des autres, sa dignit\u00e9 et sa sant\u00e9.<br \/>\nC\u2019est pourquoi la mairie de Paris met \u00e0 la disposition de tous des bains-douches municipaux, d\u2019acc\u00e8s simple et gratuit.<br \/>\nVous devez vous munir de votre savon, shampoing et d\u2019une serviette de toilette.<\/p>\n<p>Saint-Merri, 4e<br \/>\n18 rue du renard 75004 Paris<br \/>\n- Mercredi, de 12h \u00e0 18h30<br \/>\n- jeudi, vendredi, samedi, de 8h \u00e0 18h30<br \/>\n- dimanche, de 8h \u00e0 11h30.<\/p>\n<p>Deux-Ponts, 4e<br \/>\n8 rue des Deux-Ponts 75004 Paris<br \/>\n- Lundi, mardi, mercredi, de 7h \u00e0 18h30<br \/>\n- jeudi, de 7h \u00e0 11h30<\/p>\n<p>L'Agora, association Emma\u00fcs - 75001<br \/>\n32, rue des Bourbonnais, 1er<br \/>\nM\u00e9tro : Ch\u00e2telet<br \/>\nT\u00e9l. 01 55 34 74 84<br \/>\nJours et heures d'ouverture :<br \/>\n<span style=\"line-height: 1.5;\">- Accueil de jour : ouvert tous les jours de 9 h \u00e0 12 h et de 14 h \u00e0 17 h.<br \/>\n<\/span><span style=\"line-height: 1.5;\">- Accueil de nuit : pas d'h\u00e9bergement de 00 h \u00e0 06 h.<br \/>\n<\/span><span style=\"line-height: 1.5;\">(Ferm\u00e9 tous les lundis apr\u00e8s-midi pour d\u00e9sinfection)<br \/>\n<\/span>- espace hygi\u00e8ne : tous les jours, douche sans rendez-vous, laverie sur rendez-vous et petit vestiaire<\/p>\n","protected":false},"excerpt":{"rendered":"<p>Faire sa toilette r\u00e9guli\u00e8rement est primordial, pour conserver le respect de soi et des autres, sa dignit\u00e9 et sa sant\u00e9. C\u2019est pourquoi la mairie de Paris met \u00e0 la disposition de tous des bains-douches municipaux, d\u2019acc\u00e8s simple et gratuit. Vous devez vous munir de votre savon, shampoing et d\u2019une serviette de toilette. Saint-Merri, 4e 18 &hellip; <a href=\"https:\/\/www.mainslibres.asso.fr\/wordpress\/se-laver-dans-le-quartier\/\" class=\"more-link\">Continuer la lecture de <span class=\"screen-reader-text\">Se laver dans le quartier<\/span>  <span class=\"meta-nav\">&rarr;<\/span><\/a><\/p>\n","protected":false},"author":4,"featured_media":0,"parent":0,"menu_order":0,"comment_status":"closed","ping_status":"closed","template":"","meta":{"_monsterinsights_skip_tracking":false,"_monsterinsights_sitenote_active":false,"_monsterinsights_sitenote_note":"","_monsterinsights_sitenote_category":0,"footnotes":""},"class_list":["post-198","page","type-page","status-publish","hentry"],"_links":{"self":[{"href":"https:\/\/www.mainslibres.asso.fr\/wordpress\/wp-json\/wp\/v2\/pages\/198","targetHints":{"allow":["GET"]}}],"collection":[{"href":"https:\/\/www.mainslibres.asso.fr\/wordpress\/wp-json\/wp\/v2\/pages"}],"about":[{"href":"https:\/\/www.mainslibres.asso.fr\/wordpress\/wp-json\/wp\/v2\/types\/page"}],"author":[{"embeddable":true,"href":"https:\/\/www.mainslibres.asso.fr\/wordpress\/wp-json\/wp\/v2\/users\/4"}],"replies":[{"embeddable":true,"href":"https:\/\/www.mainslibres.asso.fr\/wordpress\/wp-json\/wp\/v2\/comments?post=198"}],"version-history":[{"count":5,"href":"https:\/\/www.mainslibres.asso.fr\/wordpress\/wp-json\/wp\/v2\/pages\/198\/revisions"}],"predecessor-version":[{"id":1799,"href":"https:\/\/www.mainslibres.asso.fr\/wordpress\/wp-json\/wp\/v2\/pages\/198\/revisions\/1799"}],"wp:attachment":[{"href":"https:\/\/www.mainslibres.asso.fr\/wordpress\/wp-json\/wp\/v2\/media?parent=198"}],"curies":[{"name":"wp","href":"https:\/\/api.w.org\/{rel}","templated":true}]}}