{"id":1459,"date":"2015-05-01T19:36:58","date_gmt":"2015-05-01T17:36:58","guid":{"rendered":"http:\/\/www.mainslibres.asso.fr\/wordpress\/?page_id=1459"},"modified":"2015-05-01T20:02:14","modified_gmt":"2015-05-01T18:02:14","slug":"la-convivialite","status":"publish","type":"page","link":"https:\/\/www.mainslibres.asso.fr\/wordpress\/la-convivialite\/","title":{"rendered":"La convivialit\u00e9"},"content":{"rendered":"<table width=\"100%\">\n<tbody>\n<tr>\n<td class=\"center\"><img loading=\"lazy\" decoding=\"async\" src=\"https:\/\/www.mainslibres.asso.fr\/wordpress\/wp-content\/uploads\/2015\/05\/Convivialite.jpg\" alt=\"Convivialite\" width=\"350\" height=\"263\" class=\"alignnone size-full wp-image-1467\" srcset=\"https:\/\/www.mainslibres.asso.fr\/wordpress\/wp-content\/uploads\/2015\/05\/Convivialite.jpg 350w, https:\/\/www.mainslibres.asso.fr\/wordpress\/wp-content\/uploads\/2015\/05\/Convivialite-300x225.jpg 300w\" sizes=\"auto, (max-width: 350px) 100vw, 350px\" \/><br \/>\nJacques, Jean, Fran\u00e7ois, Fr\u00e9d\u00e9ric et Elisabeth<br \/>\nLa convivialit\u00e9 autour d'un caf\u00e9<\/td>\n<td class=\"center\"><img loading=\"lazy\" decoding=\"async\" src=\"https:\/\/www.mainslibres.asso.fr\/wordpress\/wp-content\/uploads\/2015\/05\/cartes.jpg\" alt=\"cartes\" width=\"350\" height=\"263\" class=\"alignnone size-full wp-image-1470\" srcset=\"https:\/\/www.mainslibres.asso.fr\/wordpress\/wp-content\/uploads\/2015\/05\/cartes.jpg 350w, https:\/\/www.mainslibres.asso.fr\/wordpress\/wp-content\/uploads\/2015\/05\/cartes-300x225.jpg 300w\" sizes=\"auto, (max-width: 350px) 100vw, 350px\" \/><br \/>\n...et d'une partie de cartes Raymond, Khoa,<br \/>\nB\u00e9atrice, Gary et Laurent<\/td>\n<\/tr>\n<tr>\n<td class=\"center\"><img loading=\"lazy\" decoding=\"async\" src=\"https:\/\/www.mainslibres.asso.fr\/wordpress\/wp-content\/uploads\/2015\/05\/jerome.jpg\" alt=\"jerome\" width=\"263\" height=\"350\" class=\"alignnone size-full wp-image-1473\" srcset=\"https:\/\/www.mainslibres.asso.fr\/wordpress\/wp-content\/uploads\/2015\/05\/jerome.jpg 263w, https:\/\/www.mainslibres.asso.fr\/wordpress\/wp-content\/uploads\/2015\/05\/jerome-225x300.jpg 225w\" sizes=\"auto, (max-width: 263px) 100vw, 263px\" \/><br \/>\nJ\u00e9r\u00f4me<\/td>\n<td class=\"center\"><img loading=\"lazy\" decoding=\"async\" src=\"https:\/\/www.mainslibres.asso.fr\/wordpress\/wp-content\/uploads\/2015\/05\/khoa.jpg\" alt=\"khoa\" width=\"263\" height=\"350\" class=\"alignnone size-full wp-image-1474\" srcset=\"https:\/\/www.mainslibres.asso.fr\/wordpress\/wp-content\/uploads\/2015\/05\/khoa.jpg 263w, https:\/\/www.mainslibres.asso.fr\/wordpress\/wp-content\/uploads\/2015\/05\/khoa-225x300.jpg 225w\" sizes=\"auto, (max-width: 263px) 100vw, 263px\" \/><br \/>\nKhoa<\/td>\n<\/tr>\n<tr>\n<td class=\"center\"><img loading=\"lazy\" decoding=\"async\" src=\"https:\/\/www.mainslibres.asso.fr\/wordpress\/wp-content\/uploads\/2015\/05\/jacques.jpg\" alt=\"jacques\" width=\"263\" height=\"350\" class=\"alignnone size-full wp-image-1475\" srcset=\"https:\/\/www.mainslibres.asso.fr\/wordpress\/wp-content\/uploads\/2015\/05\/jacques.jpg 263w, https:\/\/www.mainslibres.asso.fr\/wordpress\/wp-content\/uploads\/2015\/05\/jacques-225x300.jpg 225w\" sizes=\"auto, (max-width: 263px) 100vw, 263px\" \/><br \/>\nJacques<\/td>\n<td class=\"center\"><img loading=\"lazy\" decoding=\"async\" src=\"https:\/\/www.mainslibres.asso.fr\/wordpress\/wp-content\/uploads\/2015\/05\/gary.jpg\" alt=\"gary\" width=\"263\" height=\"350\" class=\"alignnone size-full wp-image-1476\" srcset=\"https:\/\/www.mainslibres.asso.fr\/wordpress\/wp-content\/uploads\/2015\/05\/gary.jpg 263w, https:\/\/www.mainslibres.asso.fr\/wordpress\/wp-content\/uploads\/2015\/05\/gary-225x300.jpg 225w\" sizes=\"auto, (max-width: 263px) 100vw, 263px\" \/><br \/>\nGary<\/td>\n<\/tr>\n<tr>\n<td class=\"center\"><img loading=\"lazy\" decoding=\"async\" src=\"https:\/\/www.mainslibres.asso.fr\/wordpress\/wp-content\/uploads\/2015\/05\/bernard.jpg\" alt=\"bernard\" width=\"263\" height=\"350\" class=\"alignnone size-full wp-image-1477\" srcset=\"https:\/\/www.mainslibres.asso.fr\/wordpress\/wp-content\/uploads\/2015\/05\/bernard.jpg 263w, https:\/\/www.mainslibres.asso.fr\/wordpress\/wp-content\/uploads\/2015\/05\/bernard-225x300.jpg 225w\" sizes=\"auto, (max-width: 263px) 100vw, 263px\" \/><br \/>\nBernard<\/td>\n<td class=\"center\"><img loading=\"lazy\" decoding=\"async\" src=\"https:\/\/www.mainslibres.asso.fr\/wordpress\/wp-content\/uploads\/2015\/05\/luciano.jpg\" alt=\"luciano\" width=\"263\" height=\"350\" class=\"alignnone size-full wp-image-1478\" srcset=\"https:\/\/www.mainslibres.asso.fr\/wordpress\/wp-content\/uploads\/2015\/05\/luciano.jpg 263w, https:\/\/www.mainslibres.asso.fr\/wordpress\/wp-content\/uploads\/2015\/05\/luciano-225x300.jpg 225w\" sizes=\"auto, (max-width: 263px) 100vw, 263px\" \/><br \/>\nLuciano<\/td>\n<\/tr>\n<tr>\n<td class=\"center\"><img loading=\"lazy\" decoding=\"async\" src=\"https:\/\/www.mainslibres.asso.fr\/wordpress\/wp-content\/uploads\/2015\/05\/groupe1.jpg\" alt=\"groupe1\" width=\"350\" height=\"263\" class=\"alignnone size-full wp-image-1479\" srcset=\"https:\/\/www.mainslibres.asso.fr\/wordpress\/wp-content\/uploads\/2015\/05\/groupe1.jpg 350w, https:\/\/www.mainslibres.asso.fr\/wordpress\/wp-content\/uploads\/2015\/05\/groupe1-300x225.jpg 300w\" sizes=\"auto, (max-width: 350px) 100vw, 350px\" \/><br \/>\nPhilippe, Thierry, Gwendolina, Richez, J\u00e9r\u00f4me<\/td>\n<td class=\"center\"><img loading=\"lazy\" decoding=\"async\" src=\"https:\/\/www.mainslibres.asso.fr\/wordpress\/wp-content\/uploads\/2015\/05\/2Noel09.gif\" alt=\"2Noel09\" width=\"350\" height=\"263\" class=\"alignnone size-full wp-image-1480\" \/><br \/>\nBernard, Laurent, Fulgence, Gilles, Yolaine et Lionel<br \/>\nautour de la b\u00fbche et du champagne le soir de No\u00ebl 2009<\/td>\n<\/tr>\n<tr>\n<td class=\"center\"><\/td>\n<td class=\"center\"><\/td>\n<\/tr>\n<tr>\n<td class=\"center\"><\/td>\n<td class=\"center\"><\/td>\n<\/tr>\n<tr>\n<td class=\"center\"><\/td>\n<td class=\"center\"><\/td>\n<\/tr>\n<\/tbody>\n<\/table>\n","protected":false},"excerpt":{"rendered":"<p>Jacques, Jean, Fran\u00e7ois, Fr\u00e9d\u00e9ric et Elisabeth La convivialit\u00e9 autour d'un caf\u00e9 ...et d'une partie de cartes Raymond, Khoa, B\u00e9atrice, Gary et Laurent J\u00e9r\u00f4me Khoa Jacques Gary Bernard Luciano Philippe, Thierry, Gwendolina, Richez, J\u00e9r\u00f4me Bernard, Laurent, Fulgence, Gilles, Yolaine et Lionel autour de la b\u00fbche et du champagne le soir de No\u00ebl 2009<\/p>\n","protected":false},"author":4,"featured_media":0,"parent":0,"menu_order":0,"comment_status":"closed","ping_status":"closed","template":"","meta":{"_monsterinsights_skip_tracking":false,"_monsterinsights_sitenote_active":false,"_monsterinsights_sitenote_note":"","_monsterinsights_sitenote_category":0,"footnotes":""},"class_list":["post-1459","page","type-page","status-publish","hentry"],"_links":{"self":[{"href":"https:\/\/www.mainslibres.asso.fr\/wordpress\/wp-json\/wp\/v2\/pages\/1459","targetHints":{"allow":["GET"]}}],"collection":[{"href":"https:\/\/www.mainslibres.asso.fr\/wordpress\/wp-json\/wp\/v2\/pages"}],"about":[{"href":"https:\/\/www.mainslibres.asso.fr\/wordpress\/wp-json\/wp\/v2\/types\/page"}],"author":[{"embeddable":true,"href":"https:\/\/www.mainslibres.asso.fr\/wordpress\/wp-json\/wp\/v2\/users\/4"}],"replies":[{"embeddable":true,"href":"https:\/\/www.mainslibres.asso.fr\/wordpress\/wp-json\/wp\/v2\/comments?post=1459"}],"version-history":[{"count":8,"href":"https:\/\/www.mainslibres.asso.fr\/wordpress\/wp-json\/wp\/v2\/pages\/1459\/revisions"}],"predecessor-version":[{"id":1481,"href":"https:\/\/www.mainslibres.asso.fr\/wordpress\/wp-json\/wp\/v2\/pages\/1459\/revisions\/1481"}],"wp:attachment":[{"href":"https:\/\/www.mainslibres.asso.fr\/wordpress\/wp-json\/wp\/v2\/media?parent=1459"}],"curies":[{"name":"wp","href":"https:\/\/api.w.org\/{rel}","templated":true}]}}