{"id":1390,"date":"2015-05-01T17:45:19","date_gmt":"2015-05-01T15:45:19","guid":{"rendered":"http:\/\/www.mainslibres.asso.fr\/wordpress\/?page_id=1390"},"modified":"2018-08-27T09:53:58","modified_gmt":"2018-08-27T07:53:58","slug":"convivialite","status":"publish","type":"page","link":"https:\/\/www.mainslibres.asso.fr\/wordpress\/convivialite\/","title":{"rendered":"Les premi\u00e8res \u00e9quipes de b\u00e9n\u00e9voles (2008)"},"content":{"rendered":"<table width=\"100%\">\n<tbody>\n<tr>\n<td class=\"center\"><a href=\"https:\/\/www.mainslibres.asso.fr\/wordpress\/les-equipes-de-benevoles-en-2010\/\"><img loading=\"lazy\" decoding=\"async\" class=\"alignnone size-thumbnail wp-image-1407\" src=\"https:\/\/www.mainslibres.asso.fr\/wordpress\/wp-content\/uploads\/2015\/05\/lundimatin2-150x150.jpg\" alt=\"lundimatin2\" width=\"150\" height=\"150\" \/><\/a><br \/>\n<strong>Les \u00e9quipes en 2008<\/strong><\/td>\n<td class=\"center\"><a href=\"https:\/\/www.mainslibres.asso.fr\/wordpress\/la-convivialite\/\"><img loading=\"lazy\" decoding=\"async\" class=\"alignnone size-thumbnail wp-image-1479\" src=\"https:\/\/www.mainslibres.asso.fr\/wordpress\/wp-content\/uploads\/2015\/05\/groupe1-150x150.jpg\" alt=\"groupe1\" width=\"150\" height=\"150\" \/><\/a><br \/>\n<strong>La convivialit\u00e9<\/strong><\/td>\n<td class=\"center\"><img loading=\"lazy\" decoding=\"async\" class=\"alignnone size-thumbnail wp-image-1331\" src=\"https:\/\/www.mainslibres.asso.fr\/wordpress\/wp-content\/uploads\/2015\/04\/Bagagerie-Lantier-03-150x150.jpg\" alt=\"01Bagagerie depuis la rue\" width=\"150\" height=\"150\" \/><br \/>\n<strong>Attente<\/strong><\/td>\n<td class=\"center\"><img loading=\"lazy\" decoding=\"async\" class=\"alignnone size-thumbnail wp-image-1331\" src=\"https:\/\/www.mainslibres.asso.fr\/wordpress\/wp-content\/uploads\/2015\/04\/Bagagerie-Lantier-03-150x150.jpg\" alt=\"01Bagagerie depuis la rue\" width=\"150\" height=\"150\" \/><br \/>\n<strong>Attente<\/strong><\/td>\n<\/tr>\n<\/tbody>\n<\/table>\n","protected":false},"excerpt":{"rendered":"<p>Les \u00e9quipes en 2008 La convivialit\u00e9 Attente Attente<\/p>\n","protected":false},"author":4,"featured_media":0,"parent":0,"menu_order":0,"comment_status":"closed","ping_status":"closed","template":"","meta":{"_monsterinsights_skip_tracking":false,"_monsterinsights_sitenote_active":false,"_monsterinsights_sitenote_note":"","_monsterinsights_sitenote_category":0,"footnotes":""},"class_list":["post-1390","page","type-page","status-publish","hentry"],"_links":{"self":[{"href":"https:\/\/www.mainslibres.asso.fr\/wordpress\/wp-json\/wp\/v2\/pages\/1390","targetHints":{"allow":["GET"]}}],"collection":[{"href":"https:\/\/www.mainslibres.asso.fr\/wordpress\/wp-json\/wp\/v2\/pages"}],"about":[{"href":"https:\/\/www.mainslibres.asso.fr\/wordpress\/wp-json\/wp\/v2\/types\/page"}],"author":[{"embeddable":true,"href":"https:\/\/www.mainslibres.asso.fr\/wordpress\/wp-json\/wp\/v2\/users\/4"}],"replies":[{"embeddable":true,"href":"https:\/\/www.mainslibres.asso.fr\/wordpress\/wp-json\/wp\/v2\/comments?post=1390"}],"version-history":[{"count":25,"href":"https:\/\/www.mainslibres.asso.fr\/wordpress\/wp-json\/wp\/v2\/pages\/1390\/revisions"}],"predecessor-version":[{"id":2320,"href":"https:\/\/www.mainslibres.asso.fr\/wordpress\/wp-json\/wp\/v2\/pages\/1390\/revisions\/2320"}],"wp:attachment":[{"href":"https:\/\/www.mainslibres.asso.fr\/wordpress\/wp-json\/wp\/v2\/media?parent=1390"}],"curies":[{"name":"wp","href":"https:\/\/api.w.org\/{rel}","templated":true}]}}