{"id":1104,"date":"2015-04-27T18:17:46","date_gmt":"2015-04-27T16:17:46","guid":{"rendered":"http:\/\/www.mainslibres.asso.fr\/wordpress\/?page_id=1104"},"modified":"2015-04-27T18:20:53","modified_gmt":"2015-04-27T16:20:53","slug":"assemblee-generale-du-8-juin-2007-a-la-mairie-du-premier-arrondissement","status":"publish","type":"page","link":"https:\/\/www.mainslibres.asso.fr\/wordpress\/assemblee-generale-du-8-juin-2007-a-la-mairie-du-premier-arrondissement\/","title":{"rendered":"Assembl\u00e9e G\u00e9n\u00e9rale 8 juin 2007"},"content":{"rendered":"<p><img loading=\"lazy\" decoding=\"async\" src=\"https:\/\/www.mainslibres.asso.fr\/wordpress\/wp-content\/uploads\/2015\/04\/ag1.jpg\" alt=\"ag1\" width=\"710\" height=\"186\" class=\"alignnone size-full wp-image-1111\" srcset=\"https:\/\/www.mainslibres.asso.fr\/wordpress\/wp-content\/uploads\/2015\/04\/ag1.jpg 710w, https:\/\/www.mainslibres.asso.fr\/wordpress\/wp-content\/uploads\/2015\/04\/ag1-300x79.jpg 300w\" sizes=\"auto, (max-width: 710px) 100vw, 710px\" \/><\/p>\n<p><img loading=\"lazy\" decoding=\"async\" src=\"https:\/\/www.mainslibres.asso.fr\/wordpress\/wp-content\/uploads\/2015\/04\/ag2.jpg\" alt=\"ag2\" width=\"710\" height=\"533\" class=\"alignnone size-full wp-image-1112\" srcset=\"https:\/\/www.mainslibres.asso.fr\/wordpress\/wp-content\/uploads\/2015\/04\/ag2.jpg 710w, https:\/\/www.mainslibres.asso.fr\/wordpress\/wp-content\/uploads\/2015\/04\/ag2-300x225.jpg 300w\" sizes=\"auto, (max-width: 710px) 100vw, 710px\" \/><\/p>\n<p><img loading=\"lazy\" decoding=\"async\" src=\"https:\/\/www.mainslibres.asso.fr\/wordpress\/wp-content\/uploads\/2015\/04\/ag3.jpg\" alt=\"ag3\" width=\"710\" height=\"533\" class=\"alignnone size-full wp-image-1113\" srcset=\"https:\/\/www.mainslibres.asso.fr\/wordpress\/wp-content\/uploads\/2015\/04\/ag3.jpg 710w, https:\/\/www.mainslibres.asso.fr\/wordpress\/wp-content\/uploads\/2015\/04\/ag3-300x225.jpg 300w\" sizes=\"auto, (max-width: 710px) 100vw, 710px\" \/><\/p>\n<p><img loading=\"lazy\" decoding=\"async\" src=\"https:\/\/www.mainslibres.asso.fr\/wordpress\/wp-content\/uploads\/2015\/04\/ag4.jpg\" alt=\"ag4\" width=\"710\" height=\"184\" class=\"alignnone size-full wp-image-1114\" srcset=\"https:\/\/www.mainslibres.asso.fr\/wordpress\/wp-content\/uploads\/2015\/04\/ag4.jpg 710w, https:\/\/www.mainslibres.asso.fr\/wordpress\/wp-content\/uploads\/2015\/04\/ag4-300x78.jpg 300w\" sizes=\"auto, (max-width: 710px) 100vw, 710px\" \/><\/p>\n","protected":false},"excerpt":{"rendered":"","protected":false},"author":4,"featured_media":0,"parent":0,"menu_order":0,"comment_status":"closed","ping_status":"closed","template":"","meta":{"_monsterinsights_skip_tracking":false,"_monsterinsights_sitenote_active":false,"_monsterinsights_sitenote_note":"","_monsterinsights_sitenote_category":0,"footnotes":""},"class_list":["post-1104","page","type-page","status-publish","hentry"],"_links":{"self":[{"href":"https:\/\/www.mainslibres.asso.fr\/wordpress\/wp-json\/wp\/v2\/pages\/1104","targetHints":{"allow":["GET"]}}],"collection":[{"href":"https:\/\/www.mainslibres.asso.fr\/wordpress\/wp-json\/wp\/v2\/pages"}],"about":[{"href":"https:\/\/www.mainslibres.asso.fr\/wordpress\/wp-json\/wp\/v2\/types\/page"}],"author":[{"embeddable":true,"href":"https:\/\/www.mainslibres.asso.fr\/wordpress\/wp-json\/wp\/v2\/users\/4"}],"replies":[{"embeddable":true,"href":"https:\/\/www.mainslibres.asso.fr\/wordpress\/wp-json\/wp\/v2\/comments?post=1104"}],"version-history":[{"count":4,"href":"https:\/\/www.mainslibres.asso.fr\/wordpress\/wp-json\/wp\/v2\/pages\/1104\/revisions"}],"predecessor-version":[{"id":1115,"href":"https:\/\/www.mainslibres.asso.fr\/wordpress\/wp-json\/wp\/v2\/pages\/1104\/revisions\/1115"}],"wp:attachment":[{"href":"https:\/\/www.mainslibres.asso.fr\/wordpress\/wp-json\/wp\/v2\/media?parent=1104"}],"curies":[{"name":"wp","href":"https:\/\/api.w.org\/{rel}","templated":true}]}}